{"id":2823,"date":"2025-03-21T09:51:01","date_gmt":"2025-03-21T09:51:01","guid":{"rendered":"https:\/\/odeskthemes.com\/01\/woo\/?post_type=product&#038;p=2823"},"modified":"2025-04-07T15:14:04","modified_gmt":"2025-04-07T15:14:04","slug":"colosafe-darmkrebsfruherkennungstest","status":"publish","type":"product","link":"https:\/\/optiminder.com\/dhs-labs\/product\/colosafe-darmkrebsfruherkennungstest\/","title":{"rendered":"Colosafe\u00ae Darmkrebsfr\u00fcherkennungstest"},"content":{"rendered":"<p>Colosafe\u00ae ist ein nicht-invasiver und zuverl\u00e4ssiger Test zur fr\u00fchzeitigen Darmkrebserkennung aus einer Stuhlprobe. Es erm\u00f6glicht den pr\u00e4zisen Nachweis und die Interpretation von ver\u00e4nderten Signalen (SDC2-Methylierung) im Stuhl zur Fr\u00fcherkennung von Darmkrebs und pr\u00e4kanzer\u00f6se L\u00e4sionen. Colosafe\u00ae dient als Vorsorgetest (Screening) vor der invasive Darmspiegelung (Diagnose). Eine Fr\u00fcherkennung f\u00fchrt zu einer fr\u00fchzeitigen Behandlung und die Entwicklung von Darmkrebs in einem fr\u00fchen Stadium verhindern soll. Bestellen Sie online und wir liefern das Testkit zu Ihnen nach Hause.<\/p>\n<p>Detaillierte Informationen zum Testprinzip finden Sie hier: https:\/\/colosafe.de\/uber-colosafe\/<\/p>\n<p>Inklusiv:<\/p>\n<ul>\n<li>Stuhlprobenentnahmekit<\/li>\n<li>Kostenlosen R\u00fcckversand (Deutsche Post Brief)<\/li>\n<li>Probenvermessung im Labor<\/li>\n<li>Befundung<\/li>\n<\/ul>\n","protected":false},"excerpt":{"rendered":"<p>Nicht-invasiver Darmkrebsfr\u00fcherkennungstest vom Stuhl<\/p>\n","protected":false},"featured_media":3161,"comment_status":"open","ping_status":"closed","template":"","meta":{"_acf_changed":false,"_kad_post_transparent":"default","_kad_post_title":"","_kad_post_layout":"default","_kad_post_sidebar_id":"","_kad_post_content_style":"default","_kad_post_vertical_padding":"default","_kad_post_feature":"","_kad_post_feature_position":"","_kad_post_header":false,"_kad_post_footer":false},"product_brand":[],"product_cat":[66],"product_tag":[],"class_list":{"0":"post-2823","1":"product","2":"type-product","3":"status-publish","4":"has-post-thumbnail","6":"product_cat-colosafe-darmkrebsfruherkennungstest","8":"first","9":"instock","10":"taxable","11":"shipping-taxable","12":"purchasable","13":"product-type-simple","14":"entry","15":"content-bg","16":"loop-entry"},"acf":[],"_links":{"self":[{"href":"https:\/\/optiminder.com\/dhs-labs\/wp-json\/wp\/v2\/product\/2823","targetHints":{"allow":["GET"]}}],"collection":[{"href":"https:\/\/optiminder.com\/dhs-labs\/wp-json\/wp\/v2\/product"}],"about":[{"href":"https:\/\/optiminder.com\/dhs-labs\/wp-json\/wp\/v2\/types\/product"}],"replies":[{"embeddable":true,"href":"https:\/\/optiminder.com\/dhs-labs\/wp-json\/wp\/v2\/comments?post=2823"}],"wp:featuredmedia":[{"embeddable":true,"href":"https:\/\/optiminder.com\/dhs-labs\/wp-json\/wp\/v2\/media\/3161"}],"wp:attachment":[{"href":"https:\/\/optiminder.com\/dhs-labs\/wp-json\/wp\/v2\/media?parent=2823"}],"wp:term":[{"taxonomy":"product_brand","embeddable":true,"href":"https:\/\/optiminder.com\/dhs-labs\/wp-json\/wp\/v2\/product_brand?post=2823"},{"taxonomy":"product_cat","embeddable":true,"href":"https:\/\/optiminder.com\/dhs-labs\/wp-json\/wp\/v2\/product_cat?post=2823"},{"taxonomy":"product_tag","embeddable":true,"href":"https:\/\/optiminder.com\/dhs-labs\/wp-json\/wp\/v2\/product_tag?post=2823"}],"curies":[{"name":"wp","href":"https:\/\/api.w.org\/{rel}","templated":true}]}}