{"id":2674,"date":"2025-03-18T07:33:57","date_gmt":"2025-03-18T07:33:57","guid":{"rendered":"https:\/\/odeskthemes.com\/01\/woo\/?post_type=product&#038;p=2674"},"modified":"2025-04-07T21:01:08","modified_gmt":"2025-04-07T21:01:08","slug":"13-in-1-pcr-wie-sars-cov-2-flu-a-b-rsv","status":"publish","type":"product","link":"https:\/\/optiminder.com\/dhs-labs\/product\/13-in-1-pcr-wie-sars-cov-2-flu-a-b-rsv\/","title":{"rendered":"13-in-1 PCR \u2013 wie SARS-CoV-2 \/ FLU A + B \/ RSV"},"content":{"rendered":"<p>Der 13-in-1 PCR beinhaltet Erk\u00e4ltungserreger wie Rhinovirus, Lungenentz\u00fcndungs-Erreger \u2013 SARS-CoV-2, Influenza A virus, Influenza B virus, Respiratory Syncytial Virus, Human Rhinovirus, Adenovirus, Human Metapneumovirus, Boca virus, Coronavirus, Mycoplasma Pneumoniae, Bordetella pertussis, Bordetella parapertussis and Parainfluenza Virus.<\/p>\n<p>F\u00fchren Sie den PCR-Test ganz bequem von zu Hause aus durch. Wir senden Ihnen ein Kit, das Folgendes enth\u00e4lt:<\/p>\n<ol>\n<li>Zwei PCR-Abstriche (jeweils f\u00fcr eine Probe aus der Nase und dem Rachen)<\/li>\n<li>Ein R\u00f6hrchen f\u00fcr die PCR-Abstriche<\/li>\n<li>Ein vorfrankierter Umschlag f\u00fcr die R\u00fccksendung Ihrer Probe<\/li>\n<li>Eine Anleitung und Fragebogen<\/li>\n<\/ol>\n<p>Alles, was Sie tun m\u00fcssen, ist, die Probe korrekt zu entnehmen (eine Anleitung liegt bei), die Abstriche in das R\u00f6hrchen zu legen, die beigef\u00fcgten Formulare auszuf\u00fcllen und die Probe per Post zur\u00fcckzusenden.<\/p>\n<ul>\n<li>Mit CT-Wert<\/li>\n<li>Ergebnisse in ca. 36 Stunden nach Laboreingang<\/li>\n<li>Befunde auf Deutsch und Englisch<\/li>\n<li>Schnell, pr\u00e4zise und zuverl\u00e4ssig<\/li>\n<\/ul>\n<p><strong>Haftungsausschluss:<\/strong>\u00a0Das Testergebnis h\u00e4ngt von der Qualit\u00e4t der Probe ab. In jeder PCR wird eine interne Kontrolle durchgef\u00fchrt, die zeigt, ob die Probe korrekt entnommen wurde. Wir \u00fcbernehmen keine Verantwortung f\u00fcr Verz\u00f6gerungen, die durch das deutsche Postsystem verursacht werden.<\/p>\n","protected":false},"excerpt":{"rendered":"<p>Cold PCR 13-in-1 PCR \u2013 SARS-CoV-2 \/ FLU A + B \/ RSV, etc<\/p>\n","protected":false},"featured_media":3162,"comment_status":"open","ping_status":"closed","template":"","meta":{"_acf_changed":false,"_kad_post_transparent":"default","_kad_post_title":"","_kad_post_layout":"default","_kad_post_sidebar_id":"","_kad_post_content_style":"default","_kad_post_vertical_padding":"default","_kad_post_feature":"","_kad_post_feature_position":"","_kad_post_header":false,"_kad_post_footer":false},"product_brand":[],"product_cat":[15],"product_tag":[60,61,62,63,57,64],"class_list":{"0":"post-2674","1":"product","2":"type-product","3":"status-publish","4":"has-post-thumbnail","6":"product_cat-mens","7":"product_tag-flu-pcr","8":"product_tag-rsv-pcr","9":"product_tag-sars-cov-2-pcr","10":"product_tag-self-test","11":"product_tag-tags-corona-pcr","12":"product_tag-test-center","14":"first","15":"instock","16":"taxable","17":"shipping-taxable","18":"purchasable","19":"product-type-simple","20":"entry","21":"content-bg","22":"loop-entry"},"acf":[],"_links":{"self":[{"href":"https:\/\/optiminder.com\/dhs-labs\/wp-json\/wp\/v2\/product\/2674","targetHints":{"allow":["GET"]}}],"collection":[{"href":"https:\/\/optiminder.com\/dhs-labs\/wp-json\/wp\/v2\/product"}],"about":[{"href":"https:\/\/optiminder.com\/dhs-labs\/wp-json\/wp\/v2\/types\/product"}],"replies":[{"embeddable":true,"href":"https:\/\/optiminder.com\/dhs-labs\/wp-json\/wp\/v2\/comments?post=2674"}],"wp:featuredmedia":[{"embeddable":true,"href":"https:\/\/optiminder.com\/dhs-labs\/wp-json\/wp\/v2\/media\/3162"}],"wp:attachment":[{"href":"https:\/\/optiminder.com\/dhs-labs\/wp-json\/wp\/v2\/media?parent=2674"}],"wp:term":[{"taxonomy":"product_brand","embeddable":true,"href":"https:\/\/optiminder.com\/dhs-labs\/wp-json\/wp\/v2\/product_brand?post=2674"},{"taxonomy":"product_cat","embeddable":true,"href":"https:\/\/optiminder.com\/dhs-labs\/wp-json\/wp\/v2\/product_cat?post=2674"},{"taxonomy":"product_tag","embeddable":true,"href":"https:\/\/optiminder.com\/dhs-labs\/wp-json\/wp\/v2\/product_tag?post=2674"}],"curies":[{"name":"wp","href":"https:\/\/api.w.org\/{rel}","templated":true}]}}